{"id":1009,"date":"2025-05-19T14:04:50","date_gmt":"2025-05-19T14:04:50","guid":{"rendered":"https:\/\/bcieinternational.com\/?page_id=1009"},"modified":"2026-01-30T02:33:42","modified_gmt":"2026-01-30T01:33:42","slug":"innovacion-abierta","status":"publish","type":"page","link":"https:\/\/bcieinternational.com\/en\/innovacion-abierta\/","title":{"rendered":"Open innovation"},"content":{"rendered":"<div data-elementor-type=\"wp-page\" data-elementor-id=\"1009\" class=\"elementor elementor-1009\" data-elementor-post-type=\"page\">\n\t\t\t\t<div class=\"elementor-element elementor-element-4a4707f7 e-con-full e-flex e-con e-parent\" data-id=\"4a4707f7\" data-element_type=\"container\" data-settings=\"{&quot;background_background&quot;:&quot;video&quot;,&quot;background_video_link&quot;:&quot;https:\\\/\\\/bcieinternational.com\\\/wp-content\\\/uploads\\\/2025\\\/06\\\/Video-4.mp4&quot;,&quot;background_play_on_mobile&quot;:&quot;yes&quot;}\">\n\t\t<div class=\"elementor-background-video-container\" aria-hidden=\"true\">\n\t\t\t\t\t\t\t<video class=\"elementor-background-video-hosted\" autoplay muted playsinline loop><\/video>\n\t\t\t\t\t<\/div>\t\t<\/div>\n\t\t<div class=\"elementor-element elementor-element-e1441a2 e-flex e-con-boxed e-con e-parent\" data-id=\"e1441a2\" data-element_type=\"container\">\n\t\t\t\t\t<div class=\"e-con-inner\">\n\t\t\t\t<div class=\"elementor-element elementor-element-1d4818c elementor-widget elementor-widget-spacer\" data-id=\"1d4818c\" data-element_type=\"widget\" data-widget_type=\"spacer.default\">\n\t\t\t\t<div class=\"elementor-widget-container\">\n\t\t\t\t\t\t\t<div class=\"elementor-spacer\">\n\t\t\t<div class=\"elementor-spacer-inner\"><\/div>\n\t\t<\/div>\n\t\t\t\t\t\t<\/div>\n\t\t\t\t<\/div>\n\t\t\t\t\t<\/div>\n\t\t\t\t<\/div>\n\t\t<div class=\"elementor-element elementor-element-dd42522 e-con-full e-flex e-con e-parent\" data-id=\"dd42522\" data-element_type=\"container\">\n\t\t<div class=\"elementor-element elementor-element-fe06e65 e-con-full e-flex e-con e-child\" data-id=\"fe06e65\" data-element_type=\"container\">\n\t\t\t\t<div class=\"elementor-element elementor-element-0d1d13f elementor-widget__width-inherit elementor-widget elementor-widget-heading\" data-id=\"0d1d13f\" data-element_type=\"widget\" data-widget_type=\"heading.default\">\n\t\t\t\t<div class=\"elementor-widget-container\">\n\t\t\t\t\t<h3 class=\"elementor-heading-title elementor-size-default\">Open innovation<\/h3>\t\t\t\t<\/div>\n\t\t\t\t<\/div>\n\t\t\t\t<\/div>\n\t\t\t\t<\/div>\n\t\t<div class=\"elementor-element elementor-element-332fa09 e-flex e-con-boxed e-con e-parent\" data-id=\"332fa09\" data-element_type=\"container\">\n\t\t\t\t\t<div class=\"e-con-inner\">\n\t\t\t\t<div class=\"elementor-element elementor-element-a8230ec elementor-widget elementor-widget-spacer\" data-id=\"a8230ec\" data-element_type=\"widget\" data-widget_type=\"spacer.default\">\n\t\t\t\t<div class=\"elementor-widget-container\">\n\t\t\t\t\t\t\t<div class=\"elementor-spacer\">\n\t\t\t<div class=\"elementor-spacer-inner\"><\/div>\n\t\t<\/div>\n\t\t\t\t\t\t<\/div>\n\t\t\t\t<\/div>\n\t\t\t\t\t<\/div>\n\t\t\t\t<\/div>\n\t\t<div class=\"elementor-element elementor-element-a8b01a3 e-con-full e-flex e-con e-parent\" data-id=\"a8b01a3\" data-element_type=\"container\">\n\t\t<div class=\"elementor-element elementor-element-8dddfdd e-con-full e-flex e-con e-child\" data-id=\"8dddfdd\" data-element_type=\"container\">\n\t\t\t\t<div class=\"elementor-element elementor-element-39b0596 elementor-widget elementor-widget-heading\" data-id=\"39b0596\" data-element_type=\"widget\" data-widget_type=\"heading.default\">\n\t\t\t\t<div class=\"elementor-widget-container\">\n\t\t\t\t\t<h4 class=\"elementor-heading-title elementor-size-default\">Accelerate the creation of new value<\/h4>\t\t\t\t<\/div>\n\t\t\t\t<\/div>\n\t\t\t\t<\/div>\n\t\t\t\t<\/div>\n\t\t<div class=\"elementor-element elementor-element-64afdbae e-con-full e-flex e-con e-parent\" data-id=\"64afdbae\" data-element_type=\"container\">\n\t\t<div class=\"elementor-element elementor-element-539f294b e-con-full e-flex e-con e-child\" data-id=\"539f294b\" data-element_type=\"container\">\n\t\t\t\t<div class=\"elementor-element elementor-element-2844867b elementor-widget elementor-widget-image\" data-id=\"2844867b\" data-element_type=\"widget\" data-widget_type=\"image.default\">\n\t\t\t\t<div class=\"elementor-widget-container\">\n\t\t\t\t\t\t\t\t\t\t\t\t\t\t\t<img decoding=\"async\" src=\"https:\/\/bcieinternational.com\/wp-content\/uploads\/elementor\/thumbs\/Creac.N.Valor_-ridmwcvo6jx4awgc17rz0wnc65discwsszsuap24us.jpg\" title=\"Creac.N.Valor\" alt=\"Creac.N.Valor\" loading=\"lazy\" \/>\t\t\t\t\t\t\t\t\t\t\t\t\t\t\t<\/div>\n\t\t\t\t<\/div>\n\t\t\t\t<\/div>\n\t\t<div class=\"elementor-element elementor-element-759f47e4 e-con-full e-flex e-con e-child\" data-id=\"759f47e4\" data-element_type=\"container\">\n\t\t\t\t<div class=\"elementor-element elementor-element-20210be9 elementor-widget__width-inherit elementor-widget elementor-widget-text-editor\" data-id=\"20210be9\" data-element_type=\"widget\" data-widget_type=\"text-editor.default\">\n\t\t\t\t<div class=\"elementor-widget-container\">\n\t\t\t\t\t\t\t\t\t<p>In a constantly changing world, capturing and understanding society's evolving needs is essential to fostering innovation and staying competitive. With changes occurring at a dizzying pace, driven by multiple factors, it is crucial to anticipate emerging challenges and opportunities.<\/p><p>The Central Bank for Business Innovation (BCIE) is committed to promoting open innovation by facilitating strategic networking with partners from diverse sectors. This approach not only connects companies and institutions but also fosters collaboration to develop innovative and adaptive solutions.<\/p><p>Through this collaborative network, we will not only actively work with external partners, but we will also accelerate the creation of solutions that can quickly respond to the demands of a constantly changing global environment. With BCIE, your company will access new ideas and opportunities, boosting its growth and competitiveness.<\/p>\t\t\t\t\t\t\t\t<\/div>\n\t\t\t\t<\/div>\n\t\t\t\t<\/div>\n\t\t\t\t<\/div>\n\t\t<div class=\"elementor-element elementor-element-c6ba8f3 e-con-full e-flex e-con e-parent\" data-id=\"c6ba8f3\" data-element_type=\"container\">\n\t\t<div class=\"elementor-element elementor-element-55a5a1e e-con-full e-flex e-con e-child\" data-id=\"55a5a1e\" data-element_type=\"container\">\n\t\t\t\t<div class=\"elementor-element elementor-element-ece12c7 elementor-widget elementor-widget-heading\" data-id=\"ece12c7\" data-element_type=\"widget\" data-widget_type=\"heading.default\">\n\t\t\t\t<div class=\"elementor-widget-container\">\n\t\t\t\t\t<h4 class=\"elementor-heading-title elementor-size-default\">Advantages of open and global innovation<\/h4>\t\t\t\t<\/div>\n\t\t\t\t<\/div>\n\t\t\t\t<\/div>\n\t\t\t\t<\/div>\n\t\t<div class=\"elementor-element elementor-element-9b46eda e-con-full e-flex e-con e-parent\" data-id=\"9b46eda\" data-element_type=\"container\">\n\t\t<div class=\"elementor-element elementor-element-af14d11 e-con-full e-flex e-con e-child\" data-id=\"af14d11\" data-element_type=\"container\">\n\t\t\t\t<div class=\"elementor-element elementor-element-30249c0 elementor-widget elementor-widget-image\" data-id=\"30249c0\" data-element_type=\"widget\" data-widget_type=\"image.default\">\n\t\t\t\t<div class=\"elementor-widget-container\">\n\t\t\t\t\t\t\t\t\t\t\t\t\t\t\t<img decoding=\"async\" src=\"https:\/\/bcieinternational.com\/wp-content\/uploads\/elementor\/thumbs\/Vent.Inn_.Ab_-ridmy3uuwgbbwrwutgzz5yr7yyr442utdnidg8gr9w.jpg\" title=\"Vent.Inn.Ab\" alt=\"Vent.Inn.Ab\" loading=\"lazy\" \/>\t\t\t\t\t\t\t\t\t\t\t\t\t\t\t<\/div>\n\t\t\t\t<\/div>\n\t\t\t\t<\/div>\n\t\t<div class=\"elementor-element elementor-element-6f70f2e e-con-full e-flex e-con e-child\" data-id=\"6f70f2e\" data-element_type=\"container\">\n\t\t\t\t<div class=\"elementor-element elementor-element-59683c4 elementor-widget__width-inherit elementor-widget elementor-widget-text-editor\" data-id=\"59683c4\" data-element_type=\"widget\" data-widget_type=\"text-editor.default\">\n\t\t\t\t<div class=\"elementor-widget-container\">\n\t\t\t\t\t\t\t\t\t<p>Expanded access to ideas and resources: Open innovation offers companies the ability to access a wider variety of external ideas and resources that would otherwise be unavailable internally.<\/p><p>Cost and risk reduction: Collaborating with third parties allows companies to spread the costs and risks associated with innovation, making it easier to experiment with new ideas and technologies more safely and economically.<\/p><p>Accelerated product development: Working with external partners allows companies to accelerate the creation of new products and services, reducing time to market and improving their competitiveness.<\/p><p>Greater flexibility and agility: Open innovation helps companies adapt quickly to market changes and the incorporation of new emerging technologies, improving their responsiveness.<\/p>\t\t\t\t\t\t\t\t<\/div>\n\t\t\t\t<\/div>\n\t\t\t\t<\/div>\n\t\t\t\t<\/div>\n\t\t<div class=\"elementor-element elementor-element-c68a287 e-con-full e-flex e-con e-parent\" data-id=\"c68a287\" data-element_type=\"container\">\n\t\t<div class=\"elementor-element elementor-element-e4638c1 e-con-full e-flex e-con e-child\" data-id=\"e4638c1\" data-element_type=\"container\">\n\t\t\t\t<div class=\"elementor-element elementor-element-d8699da elementor-widget elementor-widget-text-editor\" data-id=\"d8699da\" data-element_type=\"widget\" data-widget_type=\"text-editor.default\">\n\t\t\t\t<div class=\"elementor-widget-container\">\n\t\t\t\t\t\t\t\t\t<p>Want to learn more about how we can work together to boost your innovation?\u00a0<\/p>\t\t\t\t\t\t\t\t<\/div>\n\t\t\t\t<\/div>\n\t\t\t\t<\/div>\n\t\t\t\t<\/div>\n\t\t<div class=\"elementor-element elementor-element-079d0ad e-con-full e-flex e-con e-parent\" data-id=\"079d0ad\" data-element_type=\"container\">\n\t\t<div class=\"elementor-element elementor-element-f13b9ff e-con-full e-flex e-con e-child\" data-id=\"f13b9ff\" data-element_type=\"container\">\n\t\t\t\t<div class=\"elementor-element elementor-element-33798447 elementor-widget elementor-widget-text-editor\" data-id=\"33798447\" data-element_type=\"widget\" data-widget_type=\"text-editor.default\">\n\t\t\t\t<div class=\"elementor-widget-container\">\n\t\t\t\t\t\t\t\t\t<p>We'd be happy to explore the possibilities with you.<\/p>\t\t\t\t\t\t\t\t<\/div>\n\t\t\t\t<\/div>\n\t\t\t\t<\/div>\n\t\t\t\t<\/div>\n\t\t\t\t<\/div>","protected":false},"excerpt":{"rendered":"<p>Innovaci\u00f3n abierta Acelerar la creaci\u00f3n de nuevo valor En un mundo en constante transformaci\u00f3n, captar y comprender las necesidades cambiantes de la sociedad es esencial para fomentar la innovaci\u00f3n y mantenerse competitivo. Con los cambios ocurriendo a un ritmo vertiginoso, impulsados por m\u00faltiples factores, es crucial anticiparse a los desaf\u00edos y oportunidades emergentes. El Banco [&hellip;]<\/p>","protected":false},"author":1,"featured_media":0,"parent":0,"menu_order":0,"comment_status":"closed","ping_status":"closed","template":"","meta":{"site-sidebar-layout":"no-sidebar","site-content-layout":"page-builder","ast-site-content-layout":"full-width-container","site-content-style":"default","site-sidebar-style":"default","ast-global-header-display":"","ast-banner-title-visibility":"","ast-main-header-display":"","ast-hfb-above-header-display":"","ast-hfb-below-header-display":"","ast-hfb-mobile-header-display":"","site-post-title":"disabled","ast-breadcrumbs-content":"","ast-featured-img":"disabled","footer-sml-layout":"","theme-transparent-header-meta":"","adv-header-id-meta":"","stick-header-meta":"","header-above-stick-meta":"","header-main-stick-meta":"","header-below-stick-meta":"","astra-migrate-meta-layouts":"set","ast-page-background-enabled":"default","ast-page-background-meta":{"desktop":{"background-color":"","background-image":"","background-repeat":"repeat","background-position":"center center","background-size":"auto","background-attachment":"scroll","background-type":"","background-media":"","overlay-type":"","overlay-color":"","overlay-opacity":"","overlay-gradient":""},"tablet":{"background-color":"","background-image":"","background-repeat":"repeat","background-position":"center center","background-size":"auto","background-attachment":"scroll","background-type":"","background-media":"","overlay-type":"","overlay-color":"","overlay-opacity":"","overlay-gradient":""},"mobile":{"background-color":"","background-image":"","background-repeat":"repeat","background-position":"center center","background-size":"auto","background-attachment":"scroll","background-type":"","background-media":"","overlay-type":"","overlay-color":"","overlay-opacity":"","overlay-gradient":""}},"ast-content-background-meta":{"desktop":{"background-color":"var(--ast-global-color-5)","background-image":"","background-repeat":"repeat","background-position":"center center","background-size":"auto","background-attachment":"scroll","background-type":"","background-media":"","overlay-type":"","overlay-color":"","overlay-opacity":"","overlay-gradient":""},"tablet":{"background-color":"var(--ast-global-color-5)","background-image":"","background-repeat":"repeat","background-position":"center center","background-size":"auto","background-attachment":"scroll","background-type":"","background-media":"","overlay-type":"","overlay-color":"","overlay-opacity":"","overlay-gradient":""},"mobile":{"background-color":"var(--ast-global-color-5)","background-image":"","background-repeat":"repeat","background-position":"center center","background-size":"auto","background-attachment":"scroll","background-type":"","background-media":"","overlay-type":"","overlay-color":"","overlay-opacity":"","overlay-gradient":""}},"footnotes":""},"class_list":["post-1009","page","type-page","status-publish","hentry"],"_links":{"self":[{"href":"https:\/\/bcieinternational.com\/en\/wp-json\/wp\/v2\/pages\/1009","targetHints":{"allow":["GET"]}}],"collection":[{"href":"https:\/\/bcieinternational.com\/en\/wp-json\/wp\/v2\/pages"}],"about":[{"href":"https:\/\/bcieinternational.com\/en\/wp-json\/wp\/v2\/types\/page"}],"author":[{"embeddable":true,"href":"https:\/\/bcieinternational.com\/en\/wp-json\/wp\/v2\/users\/1"}],"replies":[{"embeddable":true,"href":"https:\/\/bcieinternational.com\/en\/wp-json\/wp\/v2\/comments?post=1009"}],"version-history":[{"count":70,"href":"https:\/\/bcieinternational.com\/en\/wp-json\/wp\/v2\/pages\/1009\/revisions"}],"predecessor-version":[{"id":3344,"href":"https:\/\/bcieinternational.com\/en\/wp-json\/wp\/v2\/pages\/1009\/revisions\/3344"}],"wp:attachment":[{"href":"https:\/\/bcieinternational.com\/en\/wp-json\/wp\/v2\/media?parent=1009"}],"curies":[{"name":"wp","href":"https:\/\/api.w.org\/{rel}","templated":true}]}}